{"id":3378,"date":"2017-07-29T02:11:19","date_gmt":"2017-07-29T00:11:19","guid":{"rendered":"https:\/\/www.monofase.it\/?page_id=3378"},"modified":"2017-07-29T02:11:19","modified_gmt":"2017-07-29T00:11:19","slug":"mac-reparatur-bozen","status":"publish","type":"page","link":"https:\/\/www.monofase.it\/de\/mac-reparatur-bozen\/","title":{"rendered":"Mac Reparatur Bozen"},"content":{"rendered":"  <div id=\"page-header-1987894266\" class=\"page-header-wrapper\">\n  <div class=\"page-title dark featured-title\">\n\n        <div class=\"page-title-bg\">\n      <div class=\"title-bg fill bg-fill\"\n        data-parallax-container=\".page-title\"\n        data-parallax-background\n        data-parallax=\"-\">\n      <\/div>\n      <div class=\"title-overlay fill\"><\/div>\n    <\/div>\n    \n    <div class=\"page-title-inner container align-center text-center flex-row-col medium-flex-wrap\" >\n              <div class=\"title-wrapper is-larger flex-col\">\n          <h1 class=\"entry-title mb-0\">\n            Mac Reparatur Bozen          <\/h1>\n        <\/div>\n                    <div class=\"title-content flex-col\">\n        <div class=\"title-breadcrumbs pb-half pt-half\"><\/div>      <\/div>\n    <\/div>\n\n     \n<style>\n#page-header-1987894266 .page-title-inner {\n  min-height: 200px;\n}\n#page-header-1987894266 {\n  margin-bottom: 1px;\n}\n#page-header-1987894266 .title-bg {\n  background-image: url(https:\/\/www.monofase.it\/wp-content\/uploads\/2017\/06\/assistenza-mac-bolzano.jpg);\n  background-position: 10% 59%;\n}\n<\/style>\n  <\/div>\n    <\/div>\n  \n<div class=\"row\"  id=\"row-1884643530\">\n\n\t<div id=\"col-239394013\" class=\"col small-12 large-12\"  >\n\t\t\t\t<div class=\"col-inner\"  >\n\t\t\t\n\t\t\t\n<h2><strong>Mac Reparatur Bozen. Repariert alle Mac, MacBook Pro, iMac.<\/strong><\/h2>\n<p>Dank der <strong>Mac Reparatur Bozen<\/strong> f\u00fcr Unternemen, Freiberufler und Private k\u00f6nnen sie jedes Problem mit ihren <strong>Apple<\/strong> Ger\u00e4t l\u00f6sen, wir sind spezialisiert auf pers\u00f6nlichen Service f\u00fcr <strong>Mac, MacBook Pro und iMac<\/strong>, mit ausgebildeten Technikern die den Kunden bei jeden Bedarf folgen.<\/p>\n<p>Monofase, verbindet locale Realit\u00e4t mit acht Jahren Erfahrung im technischen Sektor f\u00fcr Web und ist auch in der Lage <a href=\"http:\/\/www.monofase.it\/servizi-web-marketing\/assistenza-consulenza-informatica\/\">technische Unterst\u00fctzung und Beratung<\/a> anzubieten. Wenn sie auf der Suche nach <strong>Mac Reparaturen in Bozen<\/strong> sind k\u00f6nnen sie die Beratung und Intervention von einen von Unserer Techniker beantragen.<\/p>\n<p>Wenn etwas mit ihrem Mac nicht funktioniert Kontaktieren sie uns sofort mit der Nummer 0471 1871009, oder senden sie ein <a href=\"https:\/\/www.monofase.it\/preventivo-sito-web\/\">Email<\/a> um ihr Problem mit ihrem <strong>Mac<\/strong>, MacBook Pro, iMac zu beschreiben. Unser Service garantiert ihnen die Intervention eines qualifizierten und erfahrenen Experten, wir Garantieren sie Verwendung von qualitativen Komponenten und perfekt ausgeuferte Arbeiten. Wir sind keine improvisierten Techniker, wir haben gr\u00fcndliche Kenntnisse der Ger\u00e4te und der Software und sind im Stande ihre anfrage schnell mit der bestm\u00f6glichen L\u00f6sung zu bearbeiten.<\/p>\n\t\t<\/div>\n\t\t\t\t\t<\/div>\n\n\t\n\n<style>\n#row-1884643530 > .col > .col-inner {\n  padding: 2em 0px 0px 0px;\n}\n<\/style>\n<\/div>\n<div class=\"row\"  id=\"row-1526139107\">\n\n\t<div id=\"col-1439191452\" class=\"col medium-6 small-12 large-6\"  >\n\t\t\t\t<div class=\"col-inner\"  >\n\t\t\t\n\t\t\t\n<a data-animate=\"blurIn\" href=\"\/preventivo-sito-web\/\" class=\"button secondary is-large expand\" >\n\t\t<span>GRATIS KOSTENVORANSCHLAG ANFORDERN<\/span>\n\t<\/a>\n\n\t\t<\/div>\n\t\t\t\t\t<\/div>\n\n\t\n\n\t<div id=\"col-362304536\" class=\"col medium-6 small-12 large-6\"  >\n\t\t\t\t<div class=\"col-inner\"  >\n\t\t\t\n\t\t\t\n<a data-animate=\"blurIn\" href=\"tel:04711871009\" class=\"button secondary is-outline is-large expand\" >\n\t\t<span>JETZT ANRUFEN<\/span>\n\t<\/a>\n\n\t\t<\/div>\n\t\t\t\t\t<\/div>\n\n\t\n<\/div>\n<div class=\"row\"  id=\"row-1103764695\">\n\n\t<div id=\"col-794735366\" class=\"col small-12 large-12\"  >\n\t\t\t\t<div class=\"col-inner\"  >\n\t\t\t\n\t\t\t\n<p>Wir K\u00f6nnen einen komplette <strong>technische Unterst\u00fctzung f\u00fcr Mac<\/strong> anbieten. Wenn notwendig eine Schnell Kontrolle oder eine Revision Ihres Produktes durchzuf\u00fchren, wenn es notwendig ist Komponenten auszutauschen, Austausch der Batterie, neue Festplatte, SSD, Austausch des Bildschirm Glases oder weiterem. Was die Software angeht k\u00f6nnen wir das Upgrade von MacOS\u00a0durchf\u00fchren, wir k\u00f6nnen Software installieren, wir k\u00f6nnen ein Professionelles Backup durchf\u00fchren und die Wiederherstellung von Daten. Wir haben die M\u00f6glichkeit auf jeder Hardware Komponente zu Intervenieren. Wenn ihr Computer langsam ist, wenn er \u00fcberm\u00e4\u00dfig \u00dcberhitzt, wenn sie Speicherplatz Probleme auf ihrer Festplatte haben, F\u00fcr jedes Problem mit <strong>iMac<\/strong>, <strong>Mac<\/strong> oder <strong>MacBook<\/strong>. Kontaktieren sie uns sofort.<\/p>\n<h3>Referenzen:<\/h3>\n<p>In\u00a0 den letzten Jahren haben wir alle mit erfolg alle Mac modelle die aktuell verbreitet sind repariert, einschlie\u00dflich der neusten iMacs (ohne DVD).<\/p>\n<p>Einige eingriffe die im Labor oder beim Kunden Vorort durchgef\u00fchrt wurden:<\/p>\n\t\t<\/div>\n\t\t\t\t\t<\/div>\n\n\t\n\n<style>\n#row-1103764695 > .col > .col-inner {\n  padding: 0px 0px 0px 0px;\n}\n<\/style>\n<\/div>\n\n\t<section class=\"section\" id=\"section_703371464\">\n\t\t<div class=\"section-bg fill\" >\n\t\t\t\t\t\t\t\t\t<div class=\"loading-spin centered\"><\/div>\n\t\t\t\n\n\t\t<\/div>\n\n\t\t\n\n\t\t<div class=\"section-content relative\">\n\t\t\t\n\n  \n    <div class=\"row large-columns-4 medium-columns-3 small-columns-2 row-xsmall row-full-width slider row-slider slider-nav-reveal\"  data-flickity-options='{&quot;imagesLoaded&quot;: true, &quot;groupCells&quot;: &quot;100%&quot;, &quot;dragThreshold&quot; : 5, &quot;cellAlign&quot;: &quot;left&quot;,&quot;wrapAround&quot;: true,&quot;prevNextButtons&quot;: true,&quot;percentPosition&quot;: true,&quot;pageDots&quot;: false, &quot;rightToLeft&quot;: false, &quot;autoPlay&quot; : false}' >\n\n  <div class=\"gallery-col col\" data-animate=\"blurIn\">\n          <div class=\"col-inner\">\n            <a class=\"image-lightbox lightbox-gallery\" href=\"https:\/\/i0.wp.com\/www.monofase.it\/wp-content\/uploads\/2016\/11\/SSD-Macbook-pro-retina.jpg?fit=1020%2C765&#038;ssl=1\" title=\"\">            <div class=\"box has-hover gallery-box box-overlay dark\">\n              <div class=\"box-image\" >\n                <img loading=\"lazy\" decoding=\"async\" width=\"533\" height=\"400\" src=\"https:\/\/i0.wp.com\/www.monofase.it\/wp-content\/uploads\/2016\/11\/SSD-Macbook-pro-retina.jpg?fit=533%2C400&amp;ssl=1\" class=\"attachment-medium size-medium\" alt=\"\" ids=\"2109,2100,2097,2102,2095\" type=\"slider\" width=\"full-width\" col_spacing=\"xsmall\" animate=\"blurIn\" srcset=\"https:\/\/i0.wp.com\/www.monofase.it\/wp-content\/uploads\/2016\/11\/SSD-Macbook-pro-retina.jpg?w=3264&amp;ssl=1 3264w, https:\/\/i0.wp.com\/www.monofase.it\/wp-content\/uploads\/2016\/11\/SSD-Macbook-pro-retina.jpg?resize=600%2C450&amp;ssl=1 600w, https:\/\/i0.wp.com\/www.monofase.it\/wp-content\/uploads\/2016\/11\/SSD-Macbook-pro-retina.jpg?resize=533%2C400&amp;ssl=1 533w, https:\/\/i0.wp.com\/www.monofase.it\/wp-content\/uploads\/2016\/11\/SSD-Macbook-pro-retina.jpg?resize=768%2C576&amp;ssl=1 768w, https:\/\/i0.wp.com\/www.monofase.it\/wp-content\/uploads\/2016\/11\/SSD-Macbook-pro-retina.jpg?resize=1067%2C800&amp;ssl=1 1067w, https:\/\/i0.wp.com\/www.monofase.it\/wp-content\/uploads\/2016\/11\/SSD-Macbook-pro-retina.jpg?w=2040&amp;ssl=1 2040w, https:\/\/i0.wp.com\/www.monofase.it\/wp-content\/uploads\/2016\/11\/SSD-Macbook-pro-retina.jpg?w=3060&amp;ssl=1 3060w\" sizes=\"(max-width: 533px) 100vw, 533px\" \/>                                  <div class=\"overlay fill\"\n                      style=\"background-color: rgba(0,0,0,.15)\">\n                  <\/div>\n                                                              <\/div>\n              <div class=\"box-text text-left\" >\n                 <p><\/p>\n              <\/div>\n            <\/div>\n            <\/a>          <\/div>\n         <\/div><div class=\"gallery-col col\" data-animate=\"blurIn\">\n          <div class=\"col-inner\">\n            <a class=\"image-lightbox lightbox-gallery\" href=\"https:\/\/i0.wp.com\/www.monofase.it\/wp-content\/uploads\/2016\/11\/16819283_10154502711533736_4690744220686482681_o.jpg?fit=1020%2C765&#038;ssl=1\" title=\"\">            <div class=\"box has-hover gallery-box box-overlay dark\">\n              <div class=\"box-image\" >\n                <img loading=\"lazy\" decoding=\"async\" width=\"533\" height=\"400\" src=\"https:\/\/i0.wp.com\/www.monofase.it\/wp-content\/uploads\/2016\/11\/16819283_10154502711533736_4690744220686482681_o.jpg?fit=533%2C400&amp;ssl=1\" class=\"attachment-medium size-medium\" alt=\"\" ids=\"2109,2100,2097,2102,2095\" type=\"slider\" width=\"full-width\" col_spacing=\"xsmall\" animate=\"blurIn\" srcset=\"https:\/\/i0.wp.com\/www.monofase.it\/wp-content\/uploads\/2016\/11\/16819283_10154502711533736_4690744220686482681_o.jpg?w=2048&amp;ssl=1 2048w, https:\/\/i0.wp.com\/www.monofase.it\/wp-content\/uploads\/2016\/11\/16819283_10154502711533736_4690744220686482681_o.jpg?resize=600%2C450&amp;ssl=1 600w, https:\/\/i0.wp.com\/www.monofase.it\/wp-content\/uploads\/2016\/11\/16819283_10154502711533736_4690744220686482681_o.jpg?resize=533%2C400&amp;ssl=1 533w, https:\/\/i0.wp.com\/www.monofase.it\/wp-content\/uploads\/2016\/11\/16819283_10154502711533736_4690744220686482681_o.jpg?resize=768%2C576&amp;ssl=1 768w, https:\/\/i0.wp.com\/www.monofase.it\/wp-content\/uploads\/2016\/11\/16819283_10154502711533736_4690744220686482681_o.jpg?resize=1067%2C800&amp;ssl=1 1067w\" sizes=\"(max-width: 533px) 100vw, 533px\" \/>                                  <div class=\"overlay fill\"\n                      style=\"background-color: rgba(0,0,0,.15)\">\n                  <\/div>\n                                                              <\/div>\n              <div class=\"box-text text-left\" >\n                 <p><\/p>\n              <\/div>\n            <\/div>\n            <\/a>          <\/div>\n         <\/div><div class=\"gallery-col col\" data-animate=\"blurIn\">\n          <div class=\"col-inner\">\n            <a class=\"image-lightbox lightbox-gallery\" href=\"https:\/\/i0.wp.com\/www.monofase.it\/wp-content\/uploads\/2016\/11\/imac-2007-ssd.jpg?fit=1020%2C765&#038;ssl=1\" title=\"\">            <div class=\"box has-hover gallery-box box-overlay dark\">\n              <div class=\"box-image\" >\n                <img loading=\"lazy\" decoding=\"async\" width=\"533\" height=\"400\" src=\"https:\/\/i0.wp.com\/www.monofase.it\/wp-content\/uploads\/2016\/11\/imac-2007-ssd.jpg?fit=533%2C400&amp;ssl=1\" class=\"attachment-medium size-medium\" alt=\"\" ids=\"2109,2100,2097,2102,2095\" type=\"slider\" width=\"full-width\" col_spacing=\"xsmall\" animate=\"blurIn\" srcset=\"https:\/\/i0.wp.com\/www.monofase.it\/wp-content\/uploads\/2016\/11\/imac-2007-ssd.jpg?w=2048&amp;ssl=1 2048w, https:\/\/i0.wp.com\/www.monofase.it\/wp-content\/uploads\/2016\/11\/imac-2007-ssd.jpg?resize=600%2C450&amp;ssl=1 600w, https:\/\/i0.wp.com\/www.monofase.it\/wp-content\/uploads\/2016\/11\/imac-2007-ssd.jpg?resize=533%2C400&amp;ssl=1 533w, https:\/\/i0.wp.com\/www.monofase.it\/wp-content\/uploads\/2016\/11\/imac-2007-ssd.jpg?resize=768%2C576&amp;ssl=1 768w, https:\/\/i0.wp.com\/www.monofase.it\/wp-content\/uploads\/2016\/11\/imac-2007-ssd.jpg?resize=1067%2C800&amp;ssl=1 1067w\" sizes=\"(max-width: 533px) 100vw, 533px\" \/>                                  <div class=\"overlay fill\"\n                      style=\"background-color: rgba(0,0,0,.15)\">\n                  <\/div>\n                                                              <\/div>\n              <div class=\"box-text text-left\" >\n                 <p><\/p>\n              <\/div>\n            <\/div>\n            <\/a>          <\/div>\n         <\/div><div class=\"gallery-col col\" data-animate=\"blurIn\">\n          <div class=\"col-inner\">\n            <a class=\"image-lightbox lightbox-gallery\" href=\"https:\/\/i0.wp.com\/www.monofase.it\/wp-content\/uploads\/2016\/11\/imac-2013-ssd-2.jpg?fit=1020%2C765&#038;ssl=1\" title=\"\">            <div class=\"box has-hover gallery-box box-overlay dark\">\n              <div class=\"box-image\" >\n                <img loading=\"lazy\" decoding=\"async\" width=\"533\" height=\"400\" src=\"https:\/\/i0.wp.com\/www.monofase.it\/wp-content\/uploads\/2016\/11\/imac-2013-ssd-2.jpg?fit=533%2C400&amp;ssl=1\" class=\"attachment-medium size-medium\" alt=\"\" ids=\"2109,2100,2097,2102,2095\" type=\"slider\" width=\"full-width\" col_spacing=\"xsmall\" animate=\"blurIn\" srcset=\"https:\/\/i0.wp.com\/www.monofase.it\/wp-content\/uploads\/2016\/11\/imac-2013-ssd-2.jpg?w=2048&amp;ssl=1 2048w, https:\/\/i0.wp.com\/www.monofase.it\/wp-content\/uploads\/2016\/11\/imac-2013-ssd-2.jpg?resize=600%2C450&amp;ssl=1 600w, https:\/\/i0.wp.com\/www.monofase.it\/wp-content\/uploads\/2016\/11\/imac-2013-ssd-2.jpg?resize=533%2C400&amp;ssl=1 533w, https:\/\/i0.wp.com\/www.monofase.it\/wp-content\/uploads\/2016\/11\/imac-2013-ssd-2.jpg?resize=768%2C576&amp;ssl=1 768w, https:\/\/i0.wp.com\/www.monofase.it\/wp-content\/uploads\/2016\/11\/imac-2013-ssd-2.jpg?resize=1067%2C800&amp;ssl=1 1067w\" sizes=\"(max-width: 533px) 100vw, 533px\" \/>                                  <div class=\"overlay fill\"\n                      style=\"background-color: rgba(0,0,0,.15)\">\n                  <\/div>\n                                                              <\/div>\n              <div class=\"box-text text-left\" >\n                 <p><\/p>\n              <\/div>\n            <\/div>\n            <\/a>          <\/div>\n         <\/div><div class=\"gallery-col col\" data-animate=\"blurIn\">\n          <div class=\"col-inner\">\n            <a class=\"image-lightbox lightbox-gallery\" href=\"https:\/\/i0.wp.com\/www.monofase.it\/wp-content\/uploads\/2016\/11\/installazione-leopard-ssd.jpg?fit=1020%2C765&#038;ssl=1\" title=\"\">            <div class=\"box has-hover gallery-box box-overlay dark\">\n              <div class=\"box-image\" >\n                <img loading=\"lazy\" decoding=\"async\" width=\"533\" height=\"400\" src=\"https:\/\/i0.wp.com\/www.monofase.it\/wp-content\/uploads\/2016\/11\/installazione-leopard-ssd.jpg?fit=533%2C400&amp;ssl=1\" class=\"attachment-medium size-medium\" alt=\"\" ids=\"2109,2100,2097,2102,2095\" type=\"slider\" width=\"full-width\" col_spacing=\"xsmall\" animate=\"blurIn\" srcset=\"https:\/\/i0.wp.com\/www.monofase.it\/wp-content\/uploads\/2016\/11\/installazione-leopard-ssd.jpg?w=2048&amp;ssl=1 2048w, https:\/\/i0.wp.com\/www.monofase.it\/wp-content\/uploads\/2016\/11\/installazione-leopard-ssd.jpg?resize=600%2C450&amp;ssl=1 600w, https:\/\/i0.wp.com\/www.monofase.it\/wp-content\/uploads\/2016\/11\/installazione-leopard-ssd.jpg?resize=533%2C400&amp;ssl=1 533w, https:\/\/i0.wp.com\/www.monofase.it\/wp-content\/uploads\/2016\/11\/installazione-leopard-ssd.jpg?resize=768%2C576&amp;ssl=1 768w, https:\/\/i0.wp.com\/www.monofase.it\/wp-content\/uploads\/2016\/11\/installazione-leopard-ssd.jpg?resize=1067%2C800&amp;ssl=1 1067w\" sizes=\"(max-width: 533px) 100vw, 533px\" \/>                                  <div class=\"overlay fill\"\n                      style=\"background-color: rgba(0,0,0,.15)\">\n                  <\/div>\n                                                              <\/div>\n              <div class=\"box-text text-left\" >\n                 <p><\/p>\n              <\/div>\n            <\/div>\n            <\/a>          <\/div>\n         <\/div><\/div>\n\t\t<\/div>\n\n\t\t\n<style>\n#section_703371464 {\n  padding-top: 0px;\n  padding-bottom: 0px;\n}\n<\/style>\n\t<\/section>\n\t\n","protected":false},"excerpt":{"rendered":"","protected":false},"author":8,"featured_media":3669,"parent":0,"menu_order":0,"comment_status":"closed","ping_status":"closed","template":"page-transparent-header.php","meta":{"footnotes":""},"jetpack_sharing_enabled":true,"_links":{"self":[{"href":"https:\/\/www.monofase.it\/de\/wp-json\/wp\/v2\/pages\/3378"}],"collection":[{"href":"https:\/\/www.monofase.it\/de\/wp-json\/wp\/v2\/pages"}],"about":[{"href":"https:\/\/www.monofase.it\/de\/wp-json\/wp\/v2\/types\/page"}],"author":[{"embeddable":true,"href":"https:\/\/www.monofase.it\/de\/wp-json\/wp\/v2\/users\/8"}],"replies":[{"embeddable":true,"href":"https:\/\/www.monofase.it\/de\/wp-json\/wp\/v2\/comments?post=3378"}],"version-history":[{"count":4,"href":"https:\/\/www.monofase.it\/de\/wp-json\/wp\/v2\/pages\/3378\/revisions"}],"predecessor-version":[{"id":3517,"href":"https:\/\/www.monofase.it\/de\/wp-json\/wp\/v2\/pages\/3378\/revisions\/3517"}],"wp:featuredmedia":[{"embeddable":true,"href":"https:\/\/www.monofase.it\/de\/wp-json\/wp\/v2\/media\/3669"}],"wp:attachment":[{"href":"https:\/\/www.monofase.it\/de\/wp-json\/wp\/v2\/media?parent=3378"}],"curies":[{"name":"wp","href":"https:\/\/api.w.org\/{rel}","templated":true}]}}